{"id":1164,"date":"2025-09-17T12:55:04","date_gmt":"2025-09-17T12:55:04","guid":{"rendered":"https:\/\/rohefurniture.com\/about-rohe\/"},"modified":"2026-04-24T12:00:28","modified_gmt":"2026-04-24T12:00:28","slug":"uber-rohe","status":"publish","type":"page","link":"https:\/\/rohefurniture.com\/de\/uber-rohe\/","title":{"rendered":"\u00dcber ROHE"},"content":{"rendered":"\n<p class=\"wp-el\"><\/p>\n\n\n\n<div class=\"wp-block-columns is-layout-flex wp-container-core-columns-is-layout-28f84493 wp-block-columns-is-layout-flex\">\n<div class=\"wp-block-column is-layout-flow wp-block-column-is-layout-flow\" style=\"flex-basis:66.66%\">\n<p class=\"wp-el\"><strong>ROHE ist ein Massivholzm\u00f6belunternehmen<\/strong> mit \u00fcber 30 Jahren Erfahrung in der Herstellung hochwertiger M\u00f6bel.<\/p>\n\n\n\n<p class=\"wp-el\"><strong>Mit Sitz in Estland <\/strong>\u2013 einem Land, das f\u00fcr seine unber\u00fchrten W\u00e4lder und sein minimalistisches Design bekannt ist \u2013 f\u00fchren wir ein famili\u00e4res Erbe fort. Wir fertigen naturinspirierte M\u00f6bel, die durch Schlichtheit \u00fcberzeugen und f\u00fcr Generationen gebaut sind.<\/p>\n\n\n\n<p class=\"wp-el\"><strong>Wir verbinden traditionelle Handwerkskunst mit moderner Technologie<\/strong>, um gleichbleibende Qualit\u00e4t, Effizienz und ein hohes Ma\u00df an Pr\u00e4zision in jedem M\u00f6belst\u00fcck zu gew\u00e4hrleisten. ROHE ist spezialisiert auf Massivholzm\u00f6bel aus FSC\u00ae-zertifizierter estnischer Kiefer \u2013 einem Material, das f\u00fcr seine nat\u00fcrliche W\u00e4rme, seine charakteristische Maserung und seine nachhaltige Herkunft gesch\u00e4tzt wird.<\/p>\n\n\n\n<p class=\"wp-el\"><strong>Klares Design, m\u00fchelose Montage und langlebige Qualit\u00e4t <\/strong>pr\u00e4gen jedes ROHE-M\u00f6belst\u00fcck. Unser Sortiment umfasst modulare Regalsysteme, Bettrahmen, kompakte Aufbewahrungsm\u00f6bel, B\u00e4nke und weitere vielseitige M\u00f6bel f\u00fcr den Wohnbereich.<\/p>\n\n\n\n<p class=\"wp-el\"><strong>Wir sind stolz darauf<\/strong>, unsere Massivholzm\u00f6bel an Partner weltweit zu liefern. Dank eines zuverl\u00e4ssigen Logistiknetzwerks und sicherer Produktionsprozesse bieten wir Vertrauen, Best\u00e4ndigkeit und Planungssicherheit. Bei ROHE folgen wir keinen kurzlebigen Trends \u2013 wir fertigen M\u00f6bel, die bleiben und inspirieren.<\/p>\n\n\n\n<p class=\"wp-el\"><strong>Unsere M\u00f6bel sind von Natur<\/strong> aus nachhaltig und basieren auf bewussten Entscheidungen \u2013 von verantwortungsvoll bezogenem Kiefernholz \u00fcber zeitloses Design bis hin zu einer ressourcenschonenden Produktion. <\/p>\n\n\n\n<p class=\"wp-el\"><strong>Wir laden Sie ein, unsere Welt zu entdecken<\/strong> \u2013 dort, wo \u00fcber 30 Jahre estnische Holzverarbeitungstradition auf modernes Design treffen, das sich \u00fcberall auf der Welt zu Hause f\u00fchlt.<\/p>\n<\/div>\n\n\n\n<div class=\"wp-block-column is-layout-flow wp-block-column-is-layout-flow\" style=\"flex-basis:33.33%\">\n<figure class=\"wp-block-image size-large wp-el\"><img loading=\"lazy\" decoding=\"async\" width=\"960\" height=\"1280\" src=\"https:\/\/rohefurniture.com\/wp-content\/uploads\/2025\/11\/Detailipilt-riiulist-960x1280.jpg\" alt=\"\" class=\"wp-image-659\" srcset=\"https:\/\/rohefurniture.com\/wp-content\/uploads\/2025\/11\/Detailipilt-riiulist-960x1280.jpg 960w, https:\/\/rohefurniture.com\/wp-content\/uploads\/2025\/11\/Detailipilt-riiulist-768x1024.jpg 768w, https:\/\/rohefurniture.com\/wp-content\/uploads\/2025\/11\/Detailipilt-riiulist.jpg 1620w\" sizes=\"auto, (max-width: 960px) 100vw, 960px\" \/><\/figure>\n<\/div>\n<\/div>\n\n\n\n<p class=\"wp-el\"><\/p>\n","protected":false},"excerpt":{"rendered":"<p>ROHE ist ein Massivholzm\u00f6belunternehmen mit \u00fcber 30 Jahren Erfahrung in der Herstellung hochwertiger M\u00f6bel. Mit Sitz in Estland \u2013 einem Land, das f\u00fcr seine unber\u00fchrten W\u00e4lder und sein minimalistisches Design&#8230;<\/p>\n","protected":false},"author":1,"featured_media":0,"parent":0,"menu_order":10,"comment_status":"closed","ping_status":"closed","template":"","meta":{"_acf_changed":false,"inline_featured_image":false,"footnotes":""},"class_list":["post-1164","page","type-page","status-publish","hentry"],"acf":[],"_links":{"self":[{"href":"https:\/\/rohefurniture.com\/de\/wp-json\/wp\/v2\/pages\/1164","targetHints":{"allow":["GET"]}}],"collection":[{"href":"https:\/\/rohefurniture.com\/de\/wp-json\/wp\/v2\/pages"}],"about":[{"href":"https:\/\/rohefurniture.com\/de\/wp-json\/wp\/v2\/types\/page"}],"author":[{"embeddable":true,"href":"https:\/\/rohefurniture.com\/de\/wp-json\/wp\/v2\/users\/1"}],"replies":[{"embeddable":true,"href":"https:\/\/rohefurniture.com\/de\/wp-json\/wp\/v2\/comments?post=1164"}],"version-history":[{"count":3,"href":"https:\/\/rohefurniture.com\/de\/wp-json\/wp\/v2\/pages\/1164\/revisions"}],"predecessor-version":[{"id":1940,"href":"https:\/\/rohefurniture.com\/de\/wp-json\/wp\/v2\/pages\/1164\/revisions\/1940"}],"wp:attachment":[{"href":"https:\/\/rohefurniture.com\/de\/wp-json\/wp\/v2\/media?parent=1164"}],"curies":[{"name":"wp","href":"https:\/\/api.w.org\/{rel}","templated":true}]}}