{"id":1171,"date":"2025-10-23T07:44:31","date_gmt":"2025-10-23T07:44:31","guid":{"rendered":"https:\/\/rohefurniture.com\/sustainability\/"},"modified":"2026-04-24T12:06:37","modified_gmt":"2026-04-24T12:06:37","slug":"nachhaltigkeit","status":"publish","type":"page","link":"https:\/\/rohefurniture.com\/de\/nachhaltigkeit\/","title":{"rendered":"Nachhaltigkeit"},"content":{"rendered":"<div class=\"ama-block block-txtmedia\"><div class=\"block__body\"><div class=\"body__content\">\n\n<h1 class=\"wp-block-heading has-semi-giant-font-size wp-el\">FSC\u00ae-zertifiziertes Kiefernholz.<br>Denn Nachhaltigkeit ist unser Fundament.<\/h1>\n\n\n\n<p class=\"wp-el\">Nachhaltigkeit beschreibt nicht nur unseren Prozess \u2013 sie definiert unseren Zweck. <\/p>\n\n\n\n<p class=\"wp-el\">ROHE setzt sich f\u00fcr verantwortungsvolle Forstwirtschaft ein und verwendet ausschlie\u00dflich FSC\u00ae-zertifiziertes Holz. <\/p>\n\n\n\n<p class=\"wp-el\">Mit der Wahl unserer M\u00f6bel leisten Sie einen wichtigen Beitrag zur F\u00f6rderung nachhaltiger Forstwirtschaft und zum Schutz der Biodiversit\u00e4t.<\/p>\n\n<\/div><div class=\"body__media\"><div class=\"splide ama_light_gallery_block\" data-splide={\"type\":\"fade\",\"arrows\":false,\"pagination\":false}><div class=\"splide__track\"><ul class=\"splide__list\"><li class=\"splide__slide\"><a href=\"https:\/\/rohefurniture.com\/wp-content\/uploads\/2025\/11\/FSC-certified-pine-1280x1280.png\"><img decoding=\"async\" width=\"1240\" height=\"1240\" src=\"https:\/\/rohefurniture.com\/wp-content\/uploads\/bis-images\/1175\/FSC-certified-pine-1240x1240-f50_50.png\" class=\"attachment-1240x1240\" alt=\"FSC certified pine\" loading=\"lazy\" \/><\/a><\/li><\/ul><\/div><\/div><\/div><\/div><div class=\"block__stencil\"><span><\/span><\/div><\/div>\n\n<div class=\"ama-block block-txtmedia reverse-order\"><div class=\"block__body\"><div class=\"body__content\">\n\n<h1 class=\"wp-block-heading has-semi-giant-font-size wp-el\">Gefertigt aus Kiefernholz. Inspiriert von der Natur.<\/h1>\n\n\n\n<p class=\"wp-el\">Unsere M\u00f6bel werden aus estnischer Kiefer gefertigt \u2013 gesch\u00e4tzt f\u00fcr ihre Reinheit, Festigkeit und nachhaltige Herkunft.<\/p>\n\n\n\n<p class=\"wp-el\">Nat\u00fcrlich, langlebig und frei von synthetischen Stoffen oder Chemikalien \u2013 schlicht ehrliches Holz aus verantwortungsvoll bewirtschafteten W\u00e4ldern.<\/p>\n\n<\/div><div class=\"body__media\"><div class=\"splide ama_light_gallery_block\" data-splide={\"type\":\"fade\",\"arrows\":false,\"pagination\":false}><div class=\"splide__track\"><ul class=\"splide__list\"><li class=\"splide__slide\"><a href=\"https:\/\/rohefurniture.com\/wp-content\/uploads\/2025\/11\/Bring-the-forest-home-1280x1280.png\"><img decoding=\"async\" width=\"1100\" height=\"1100\" src=\"https:\/\/rohefurniture.com\/wp-content\/uploads\/bis-images\/1172\/Bring-the-forest-home-1100x1100-f50_50.png\" class=\"attachment-1100x1100\" alt=\"Bring the forest home\" loading=\"lazy\" \/><\/a><\/li><\/ul><\/div><\/div><\/div><\/div><div class=\"block__stencil\"><span><\/span><\/div><\/div>\n\n<div class=\"ama-block block-txtmedia\"><div class=\"block__body\"><div class=\"body__content\">\n\n<h1 class=\"wp-block-heading has-semi-giant-font-size wp-el\">Holen Sie den Wald nach Hause.<\/h1>\n\n\n\n<p class=\"wp-el\">Wenn Sie sich f\u00fcr unsere M\u00f6bel entscheiden, kaufen Sie nicht nur ein Regal, eine Bank oder einen Bettrahmen \u2013 Sie holen sich ein St\u00fcck des estnischen Waldes in Ihr Zuhause: M\u00f6bel mit gutem Gewissen und einer Geschichte, die es wert ist, erz\u00e4hlt zu werden.<\/p>\n\n\n\n<p class=\"wp-el\">Unsere M\u00f6bel stehen f\u00fcr komfortables Wohnen \u2013 naturnah und im Einklang mit der Umwelt.<\/p>\n\n<\/div><div class=\"body__media\"><div class=\"splide ama_light_gallery_block\" data-splide={\"type\":\"fade\",\"arrows\":false,\"pagination\":false}><div class=\"splide__track\"><ul class=\"splide__list\"><li class=\"splide__slide\"><a href=\"https:\/\/rohefurniture.com\/wp-content\/uploads\/2025\/11\/Crafted-from-pine-1280x1280.png\"><img decoding=\"async\" width=\"1240\" height=\"1240\" src=\"https:\/\/rohefurniture.com\/wp-content\/uploads\/bis-images\/1174\/Crafted-from-pine-1240x1240-f50_50.png\" class=\"attachment-1240x1240\" alt=\"Crafted from pine\" loading=\"lazy\" \/><\/a><\/li><\/ul><\/div><\/div><\/div><\/div><div class=\"block__stencil\"><span><\/span><\/div><\/div>\n\n<div class=\"ama-block block-txtmedia reverse-order\"><div class=\"block__body\"><div class=\"body__content\">\n\n<h1 class=\"wp-block-heading has-semi-giant-font-size wp-el\">Abfallfreie Handwerkskunst<\/h1>\n\n\n\n<ul class=\"wp-block-list wp-el\">\n<li>Wenn wir von Zero Waste sprechen, meinen wir es ernst.<\/li>\n\n\n\n<li>Nachhaltigkeit ist f\u00fcr uns nicht nur eine \u00dcberzeugung \u2013 sie ist unsere Art zu erschaffen.<\/li>\n\n\n\n<li>Jeder Teil des Holzes hat einen Zweck.<\/li>\n\n\n\n<li>Hochwertige Holzst\u00fccke werden zu zeitlosen M\u00f6beln verarbeitet, die f\u00fcr Generationen gemacht sind.<\/li>\n\n\n\n<li>Holzreste und S\u00e4gemehl werden recycelt, sodass das Geschenk der Natur vollst\u00e4ndig gew\u00fcrdigt wird.<\/li>\n<\/ul>\n\n<\/div><div class=\"body__media\"><div class=\"splide ama_light_gallery_block\" data-splide={\"type\":\"fade\",\"arrows\":false,\"pagination\":false}><div class=\"splide__track\"><ul class=\"splide__list\"><li class=\"splide__slide\"><a href=\"https:\/\/rohefurniture.com\/wp-content\/uploads\/2025\/11\/Your-paragraph-text-1280x1280.png\"><img decoding=\"async\" width=\"1100\" height=\"1100\" src=\"https:\/\/rohefurniture.com\/wp-content\/uploads\/bis-images\/1177\/Your-paragraph-text-1100x1100-f50_50.png\" class=\"attachment-1100x1100\" alt=\"Your paragraph text\" loading=\"lazy\" \/><\/a><\/li><\/ul><\/div><\/div><\/div><\/div><div class=\"block__stencil\"><span><\/span><\/div><\/div>","protected":false},"excerpt":{"rendered":"","protected":false},"author":1,"featured_media":0,"parent":0,"menu_order":20,"comment_status":"closed","ping_status":"closed","template":"","meta":{"_acf_changed":false,"inline_featured_image":false,"footnotes":""},"class_list":["post-1171","page","type-page","status-publish","hentry"],"acf":[],"_links":{"self":[{"href":"https:\/\/rohefurniture.com\/de\/wp-json\/wp\/v2\/pages\/1171","targetHints":{"allow":["GET"]}}],"collection":[{"href":"https:\/\/rohefurniture.com\/de\/wp-json\/wp\/v2\/pages"}],"about":[{"href":"https:\/\/rohefurniture.com\/de\/wp-json\/wp\/v2\/types\/page"}],"author":[{"embeddable":true,"href":"https:\/\/rohefurniture.com\/de\/wp-json\/wp\/v2\/users\/1"}],"replies":[{"embeddable":true,"href":"https:\/\/rohefurniture.com\/de\/wp-json\/wp\/v2\/comments?post=1171"}],"version-history":[{"count":5,"href":"https:\/\/rohefurniture.com\/de\/wp-json\/wp\/v2\/pages\/1171\/revisions"}],"predecessor-version":[{"id":1948,"href":"https:\/\/rohefurniture.com\/de\/wp-json\/wp\/v2\/pages\/1171\/revisions\/1948"}],"wp:attachment":[{"href":"https:\/\/rohefurniture.com\/de\/wp-json\/wp\/v2\/media?parent=1171"}],"curies":[{"name":"wp","href":"https:\/\/api.w.org\/{rel}","templated":true}]}}