{"id":1193,"date":"2025-09-17T10:31:42","date_gmt":"2025-09-17T10:31:42","guid":{"rendered":"https:\/\/rohefurniture.com\/home\/"},"modified":"2026-04-24T11:56:03","modified_gmt":"2026-04-24T11:56:03","slug":"home","status":"publish","type":"page","link":"https:\/\/rohefurniture.com\/de\/","title":{"rendered":"Startseite"},"content":{"rendered":"<div class=\"ama-block block-gallery\"><div class=\"block__body gallery ama_light_gallery_block\"><figure class=\"gallery-item\"><a href=\"https:\/\/rohefurniture.com\/wp-content\/uploads\/2025\/11\/Detailipilt-riiulist-960x1280.jpg\"><img loading=\"lazy\" decoding=\"async\" width=\"800\" height=\"520\" src=\"https:\/\/rohefurniture.com\/wp-content\/uploads\/2025\/11\/Detailipilt-riiulist-800x520.jpg\" class=\"attachment-thumbnail size-thumbnail\" alt=\"\" \/><\/a><\/figure><figure class=\"gallery-item\"><a href=\"https:\/\/rohefurniture.com\/wp-content\/uploads\/2025\/11\/AirBrush_20250917211731-960x1280.png\"><img loading=\"lazy\" decoding=\"async\" width=\"800\" height=\"520\" src=\"https:\/\/rohefurniture.com\/wp-content\/uploads\/2025\/11\/AirBrush_20250917211731-800x520.png\" class=\"attachment-thumbnail size-thumbnail\" alt=\"\" \/><\/a><\/figure><figure class=\"gallery-item\"><a href=\"https:\/\/rohefurniture.com\/wp-content\/uploads\/2025\/11\/IMG_0162-1148x1280.png\"><img loading=\"lazy\" decoding=\"async\" width=\"800\" height=\"520\" src=\"https:\/\/rohefurniture.com\/wp-content\/uploads\/2025\/11\/IMG_0162-800x520.png\" class=\"attachment-thumbnail size-thumbnail\" alt=\"\" \/><\/a><\/figure><figure class=\"gallery-item\"><a href=\"https:\/\/rohefurniture.com\/wp-content\/uploads\/2025\/11\/AirBrush_20250828120854-1280x1015.png\"><img loading=\"lazy\" decoding=\"async\" width=\"800\" height=\"520\" src=\"https:\/\/rohefurniture.com\/wp-content\/uploads\/2025\/11\/AirBrush_20250828120854-800x520.png\" class=\"attachment-thumbnail size-thumbnail\" alt=\"Ein schmales Air Regal aus unbehandeltem, hellem Kiefernholz mit einem Buch auf der oberen Ablage, platziert neben einem Air Bettgestell mit neutraler Bettw\u00e4sche auf einem sechseckigen Fliesenboden.\" \/><\/a><\/figure><figure class=\"gallery-item\"><a href=\"https:\/\/rohefurniture.com\/wp-content\/uploads\/2025\/11\/AirBrush_20250828120953_Original-1-1280x963.jpeg\"><img loading=\"lazy\" decoding=\"async\" width=\"800\" height=\"520\" src=\"https:\/\/rohefurniture.com\/wp-content\/uploads\/2025\/11\/AirBrush_20250828120953_Original-1-800x520.jpeg\" class=\"attachment-thumbnail size-thumbnail\" alt=\"\" \/><\/a><\/figure><figure class=\"gallery-item\"><a href=\"https:\/\/rohefurniture.com\/wp-content\/uploads\/2025\/11\/IMG_0166-1-1243x1280.png\"><img loading=\"lazy\" decoding=\"async\" width=\"800\" height=\"520\" src=\"https:\/\/rohefurniture.com\/wp-content\/uploads\/2025\/11\/IMG_0166-1-800x520.png\" class=\"attachment-thumbnail size-thumbnail\" alt=\"\" \/><\/a><\/figure><\/div><div class=\"block__footer text-center\"><div class=\"wp-block-button\"><a href=\"https:\/\/rohefurniture.com\/de\/become-a-reseller\/\" class=\"wp-block-button__link\">Partner werden<\/a><\/div><\/div><\/div>\n\n<div class=\"ama-block block-txtmedia\"><div class=\"block__body\"><div class=\"body__content\">\n\n<h1 class=\"wp-block-heading has-semi-giant-font-size wp-el\">ROHE \u2013 Massivholzm\u00f6bel aus Kiefer<\/h1>\n\n\n\n<p class=\"wp-el\">ROHE ist ein familiengef\u00fchrtes M\u00f6belunternehmen mit \u00fcber drei Jahrzehnten Erfahrung in der Holzverarbeitung. Wir entwerfen und produzieren FSC\u00ae-zertifizierte Kiefernholzm\u00f6bel f\u00fcr Einzelh\u00e4ndler, Gro\u00dfh\u00e4ndler und Fachpartner weltweit. <\/p>\n\n\n\n<p class=\"wp-el\">Unsere M\u00f6bel vereinen zeitloses Design mit hoher handwerklicher Qualit\u00e4t und Langlebigkeit und machen uns zu einem zuverl\u00e4ssigen Partner in der M\u00f6belbranche.<\/p>\n\n\n\n<p class=\"wp-el\"><\/p>\n\n\n\n<div class=\"wp-block-buttons is-layout-flex wp-block-buttons-is-layout-flex\">\n<div class=\"wp-block-button\"><a class=\"wp-block-button__link wp-element-button\" href=\"https:\/\/rohefurniture.com\/our-furniture\/\">Alle M\u00f6bel ansehen<\/a><\/div>\n<\/div>\n\n<\/div><div class=\"body__media\"><div class=\"splide ama_light_gallery_block\" data-splide={\"type\":\"fade\",\"arrows\":false,\"pagination\":false}><div class=\"splide__track\"><ul class=\"splide__list\"><li class=\"splide__slide\"><a href=\"https:\/\/rohefurniture.com\/wp-content\/uploads\/2025\/09\/Lai-voodi-inimene-1062x1280.jpg\"><img decoding=\"async\" width=\"1240\" height=\"1240\" src=\"https:\/\/rohefurniture.com\/wp-content\/uploads\/bis-images\/216\/Lai-voodi-inimene-1240x1240-f50_50.jpg\" class=\"attachment-1240x1240\" alt=\"Eine Frau trinkt aus einem Becher, w\u00e4hrend sie bequem auf einem Air Bettgestell 180x200 cm aus unbehandeltem hellem Kiefernholz mit neutraler Bettw\u00e4sche sitzt. Ein schmales Air Regal ist neben dem Bett sichtbar.\" loading=\"lazy\" \/><\/a><\/li><\/ul><\/div><\/div><span class=\"is-media-badge\"><span><strong>30 Jahre Erfahrung<\/strong><\/span><\/span><\/div><\/div><div class=\"block__stencil\"><span><\/span><\/div><\/div>\n\n<div class=\"ama-block block-txtmedia reverse-order\"><div class=\"block__body\"><div class=\"body__content\">\n\n<h2 class=\"wp-block-heading wp-el\">Die W\u00e4rme des Holzes. Der Duft des Waldes. Eine sanfte Verwandlung, die sp\u00fcrbar wird.<\/h2>\n\n\n\n<p class=\"wp-el\">Massivholz steht f\u00fcr W\u00e4rme, nat\u00fcrlichen Duft und eine Best\u00e4ndigkeit, die bleibt. Jedes ROHE-M\u00f6belst\u00fcck wird aus sorgf\u00e4ltig ausgew\u00e4hltem europ\u00e4ischen Kiefernholz gefertigt und spiegelt unser Engagement f\u00fcr Nachhaltigkeit und Langlebigkeit wider. <\/p>\n\n\n\n<p class=\"wp-el\">Unsere M\u00f6bel sind einfach zu montieren und so gestaltet, dass sie sich harmonisch in jedes Interieur einf\u00fcgen \u2013 von der modernen Stadtwohnung bis hin zu naturinspirierten R\u00fcckzugsorten.<br><\/p>\n\n\n\n<p class=\"wp-el\"><\/p>\n\n<\/div><div class=\"body__media\"><div class=\"splide ama_light_gallery_block\" data-splide={\"type\":\"fade\",\"arrows\":false,\"pagination\":false}><div class=\"splide__track\"><ul class=\"splide__list\"><li class=\"splide__slide\"><a href=\"https:\/\/rohefurniture.com\/wp-content\/uploads\/2025\/11\/ChatGPT-Image-Sep-11-2025-01_07_57-PM.png\"><img decoding=\"async\" width=\"1024\" height=\"1024\" src=\"https:\/\/rohefurniture.com\/wp-content\/uploads\/bis-images\/1126\/ChatGPT-Image-Sep-11-2025-01_07_57-PM-1100x1100-f50_50.png\" class=\"attachment-1100x1100\" alt=\"ChatGPT Image Sep 11, 2025, 01_07_57 PM\" loading=\"lazy\" \/><\/a><\/li><\/ul><\/div><\/div><span class=\"is-media-badge\"><span>FSC\u00ae-zertifiziert seit 2011<\/span><\/span><\/div><\/div><div class=\"block__stencil\"><span><\/span><\/div><\/div>\n\n<div class=\"ama-block block-txtmedia\"><div class=\"block__body\"><div class=\"body__content\">\n\n<h2 class=\"wp-block-heading wp-el\">M\u00f6bel mit famili\u00e4rer Handschrift.<\/h2>\n\n\n\n<p class=\"wp-el\">Als familiengef\u00fchrtes Unternehmen legen wir gro\u00dfen Wert auf langfristige Partnerschaften. Mit zuverl\u00e4ssigem Versand, wettbewerbsf\u00e4higen Gro\u00dfhandelspreisen und engagierter Betreuung stellen wir sicher, dass die Zusammenarbeit mit ROHE genauso solide ist wie unsere M\u00f6bel.<\/p>\n\n\n\n<p class=\"wp-el\">Als Familienunternehmen ist Qualit\u00e4t unsere Tradition. Mit unseren Massivholzbetten, Regalen und B\u00e4nken bringen Sie nat\u00fcrliche Sch\u00f6nheit und Harmonie in jedes Interieur.<\/p>\n\n<\/div><div class=\"body__media\"><div class=\"splide ama_light_gallery_block\" data-splide={\"type\":\"fade\",\"arrows\":false,\"pagination\":false}><div class=\"splide__track\"><ul class=\"splide__list\"><li class=\"splide__slide\"><a href=\"https:\/\/rohefurniture.com\/wp-content\/uploads\/2025\/09\/AirBrush_20250919145927-960x1280.jpg\"><img decoding=\"async\" width=\"1240\" height=\"1240\" src=\"https:\/\/rohefurniture.com\/wp-content\/uploads\/bis-images\/1238\/AirBrush_20250919145927-1240x1240-f50_50.jpg\" class=\"attachment-1240x1240\" alt=\"Eine junge Frau greift in eine offene Air Truhe aus unbehandeltem hellem Kiefernholz, gef\u00fcllt mit roten und gr\u00fcnen \u00c4pfeln, die auf einer Holzterrasse steht, umgeben von K\u00fcrbissen und einer Pflanze.\" loading=\"lazy\" \/><\/a><\/li><\/ul><\/div><\/div><span class=\"is-media-badge\"><span>100 % Massives Kiefernholz<\/span><\/span><\/div><\/div><div class=\"block__stencil\"><span><\/span><\/div><\/div>\n\n\n<p class=\"wp-el\"><\/p>\n","protected":false},"excerpt":{"rendered":"","protected":false},"author":1,"featured_media":0,"parent":0,"menu_order":0,"comment_status":"closed","ping_status":"closed","template":"","meta":{"_acf_changed":false,"inline_featured_image":false,"footnotes":""},"class_list":["post-1193","page","type-page","status-publish","hentry"],"acf":[],"_links":{"self":[{"href":"https:\/\/rohefurniture.com\/de\/wp-json\/wp\/v2\/pages\/1193","targetHints":{"allow":["GET"]}}],"collection":[{"href":"https:\/\/rohefurniture.com\/de\/wp-json\/wp\/v2\/pages"}],"about":[{"href":"https:\/\/rohefurniture.com\/de\/wp-json\/wp\/v2\/types\/page"}],"author":[{"embeddable":true,"href":"https:\/\/rohefurniture.com\/de\/wp-json\/wp\/v2\/users\/1"}],"replies":[{"embeddable":true,"href":"https:\/\/rohefurniture.com\/de\/wp-json\/wp\/v2\/comments?post=1193"}],"version-history":[{"count":5,"href":"https:\/\/rohefurniture.com\/de\/wp-json\/wp\/v2\/pages\/1193\/revisions"}],"predecessor-version":[{"id":1969,"href":"https:\/\/rohefurniture.com\/de\/wp-json\/wp\/v2\/pages\/1193\/revisions\/1969"}],"wp:attachment":[{"href":"https:\/\/rohefurniture.com\/de\/wp-json\/wp\/v2\/media?parent=1193"}],"curies":[{"name":"wp","href":"https:\/\/api.w.org\/{rel}","templated":true}]}}