{"id":1073,"date":"2025-09-17T10:31:42","date_gmt":"2025-09-17T10:31:42","guid":{"rendered":"https:\/\/rohefurniture.com\/home\/"},"modified":"2026-04-24T10:31:04","modified_gmt":"2026-04-24T10:31:04","slug":"home","status":"publish","type":"page","link":"https:\/\/rohefurniture.com\/fr\/","title":{"rendered":"Accueil"},"content":{"rendered":"<div class=\"ama-block block-gallery\"><div class=\"block__body gallery ama_light_gallery_block\"><figure class=\"gallery-item\"><a href=\"https:\/\/rohefurniture.com\/wp-content\/uploads\/2025\/11\/Detailipilt-riiulist-960x1280.jpg\"><img loading=\"lazy\" decoding=\"async\" width=\"800\" height=\"520\" src=\"https:\/\/rohefurniture.com\/wp-content\/uploads\/2025\/11\/Detailipilt-riiulist-800x520.jpg\" class=\"attachment-thumbnail size-thumbnail\" alt=\"\" \/><\/a><\/figure><figure class=\"gallery-item\"><a href=\"https:\/\/rohefurniture.com\/wp-content\/uploads\/2025\/11\/AirBrush_20250917211731-960x1280.png\"><img loading=\"lazy\" decoding=\"async\" width=\"800\" height=\"520\" src=\"https:\/\/rohefurniture.com\/wp-content\/uploads\/2025\/11\/AirBrush_20250917211731-800x520.png\" class=\"attachment-thumbnail size-thumbnail\" alt=\"\" \/><\/a><\/figure><figure class=\"gallery-item\"><a href=\"https:\/\/rohefurniture.com\/wp-content\/uploads\/2025\/11\/IMG_0162-1148x1280.png\"><img loading=\"lazy\" decoding=\"async\" width=\"800\" height=\"520\" src=\"https:\/\/rohefurniture.com\/wp-content\/uploads\/2025\/11\/IMG_0162-800x520.png\" class=\"attachment-thumbnail size-thumbnail\" alt=\"\" \/><\/a><\/figure><figure class=\"gallery-item\"><a href=\"https:\/\/rohefurniture.com\/wp-content\/uploads\/2025\/11\/AirBrush_20250828120854-1280x1015.png\"><img loading=\"lazy\" decoding=\"async\" width=\"800\" height=\"520\" src=\"https:\/\/rohefurniture.com\/wp-content\/uploads\/2025\/11\/AirBrush_20250828120854-800x520.png\" class=\"attachment-thumbnail size-thumbnail\" alt=\"\u00c9tag\u00e8re Air en pin clair non trait\u00e9 avec un livre pos\u00e9 sur le dessus, plac\u00e9e \u00e0 c\u00f4t\u00e9 d\u2019un cadre de lit Air avec une literie aux tons neutres, sur un sol carrel\u00e9 \u00e0 motifs hexagonaux.\" \/><\/a><\/figure><figure class=\"gallery-item\"><a href=\"https:\/\/rohefurniture.com\/wp-content\/uploads\/2025\/11\/AirBrush_20250828120953_Original-1-1280x963.jpeg\"><img loading=\"lazy\" decoding=\"async\" width=\"800\" height=\"520\" src=\"https:\/\/rohefurniture.com\/wp-content\/uploads\/2025\/11\/AirBrush_20250828120953_Original-1-800x520.jpeg\" class=\"attachment-thumbnail size-thumbnail\" alt=\"\" \/><\/a><\/figure><figure class=\"gallery-item\"><a href=\"https:\/\/rohefurniture.com\/wp-content\/uploads\/2025\/11\/IMG_0166-1-1243x1280.png\"><img loading=\"lazy\" decoding=\"async\" width=\"800\" height=\"520\" src=\"https:\/\/rohefurniture.com\/wp-content\/uploads\/2025\/11\/IMG_0166-1-800x520.png\" class=\"attachment-thumbnail size-thumbnail\" alt=\"\" \/><\/a><\/figure><\/div><div class=\"block__footer text-center\"><div class=\"wp-block-button\"><a href=\"https:\/\/rohefurniture.com\/fr\/become-a-reseller\/\" class=\"wp-block-button__link\">Devenir partenaire<\/a><\/div><\/div><\/div>\n\n<div class=\"ama-block block-txtmedia\"><div class=\"block__body\"><div class=\"body__content\">\n\n<h1 class=\"wp-block-heading has-semi-giant-font-size wp-el\">ROHE \u2013 Mobilier en pin massif.<\/h1>\n\n\n\n<p class=\"wp-el\">ROHE est une entreprise familiale de mobilier, forte de plus de trente ans d\u2019expertise dans le travail du bois.<br>Nous concevons et fabriquons des meubles en pin certifi\u00e9 FSC\u00ae, destin\u00e9s aux d\u00e9taillants, grossistes et professionnels du monde entier.<\/p>\n\n\n\n<p class=\"wp-el\">Nos meubles associent un design intemporel \u00e0 une qualit\u00e9 durable, faisant de nous un partenaire de confiance pour l\u2019am\u00e9nagement de vos espaces.<\/p>\n\n\n\n<div class=\"wp-block-buttons is-layout-flex wp-block-buttons-is-layout-flex\">\n<div class=\"wp-block-button\"><a class=\"wp-block-button__link wp-element-button\" href=\"https:\/\/rohefurniture.com\/our-furniture\/\">Voir tous les meubles<\/a><\/div>\n<\/div>\n\n<\/div><div class=\"body__media\"><div class=\"splide ama_light_gallery_block\" data-splide={\"type\":\"fade\",\"arrows\":false,\"pagination\":false}><div class=\"splide__track\"><ul class=\"splide__list\"><li class=\"splide__slide\"><a href=\"https:\/\/rohefurniture.com\/wp-content\/uploads\/2025\/09\/Lai-voodi-inimene-1062x1280.jpg\"><img decoding=\"async\" width=\"1240\" height=\"1240\" src=\"https:\/\/rohefurniture.com\/wp-content\/uploads\/bis-images\/1078\/Lai-voodi-inimene-1240x1240-f50_50.jpg\" class=\"attachment-1240x1240\" alt=\"Une femme boit dans une tasse tout en \u00e9tant confortablement assise sur un cadre de lit Air 180 \u00d7 200 cm en pin clair non trait\u00e9 avec literie neutre. Une \u00e9tag\u00e8re Air \u00e9troite est visible \u00e0 c\u00f4t\u00e9 du lit.\" loading=\"lazy\" \/><\/a><\/li><\/ul><\/div><\/div><span class=\"is-media-badge\"><span><strong>30 ans d\u2019exp\u00e9rience<\/strong><\/span><\/span><\/div><\/div><div class=\"block__stencil\"><span><\/span><\/div><\/div>\n\n<div class=\"ama-block block-txtmedia reverse-order\"><div class=\"block__body\"><div class=\"body__content\">\n\n<h2 class=\"wp-block-heading wp-el\">La chaleur du bois. Le parfum de la for\u00eat. Un changement subtil que l\u2019on ressent.<\/h2>\n\n\n\n<p class=\"wp-el\">Le bois massif \u00e9voque la chaleur, un parfum naturel et une solidit\u00e9 durable. Chaque pi\u00e8ce ROHE est fabriqu\u00e9e \u00e0 partir de pin europ\u00e9en soigneusement s\u00e9lectionn\u00e9, refl\u00e9tant notre engagement envers la durabilit\u00e9. <\/p>\n\n\n\n<p class=\"wp-el\">Nos meubles sont faciles \u00e0 assembler et con\u00e7us pour s\u2019int\u00e9grer \u00e0 tous les int\u00e9rieurs, des habitations urbaines modernes aux refuges les plus sereins.<\/p>\n\n<\/div><div class=\"body__media\"><div class=\"splide ama_light_gallery_block\" data-splide={\"type\":\"fade\",\"arrows\":false,\"pagination\":false}><div class=\"splide__track\"><ul class=\"splide__list\"><li class=\"splide__slide\"><a href=\"https:\/\/rohefurniture.com\/wp-content\/uploads\/2025\/11\/ChatGPT-Image-Sep-11-2025-01_07_57-PM.png\"><img decoding=\"async\" width=\"1024\" height=\"1024\" src=\"https:\/\/rohefurniture.com\/wp-content\/uploads\/bis-images\/1088\/ChatGPT-Image-Sep-11-2025-01_07_57-PM-1100x1100-f50_50.png\" class=\"attachment-1100x1100\" alt=\"ChatGPT Image Sep 11, 2025, 01_07_57 PM\" loading=\"lazy\" \/><\/a><\/li><\/ul><\/div><\/div><span class=\"is-media-badge\"><span>Certifi\u00e9 FSC\u00ae depuis 2011<\/span><\/span><\/div><\/div><div class=\"block__stencil\"><span><\/span><\/div><\/div>\n\n<div class=\"ama-block block-txtmedia\"><div class=\"block__body\"><div class=\"body__content\">\n\n<h2 class=\"wp-block-heading wp-el\">Du mobilier \u00e0 la signature familiale.<\/h2>\n\n\n\n<p class=\"wp-el\">En tant qu\u2019entreprise familiale, nous accordons une grande importance aux partenariats durables. Gr\u00e2ce \u00e0 une logistique fiable, des tarifs de gros comp\u00e9titifs et un accompagnement d\u00e9di\u00e9, nous veillons \u00e0 ce que la collaboration avec ROHE soit aussi solide que nos meubles.<\/p>\n\n\n\n<p class=\"wp-el\">La qualit\u00e9 est au c\u0153ur de notre tradition. Avec nos lits, \u00e9tag\u00e8res et bancs en bois massif, nous aidons nos partenaires \u00e0 proposer une beaut\u00e9 naturelle et une harmonie durable dans chaque int\u00e9rieur.<\/p>\n\n<\/div><div class=\"body__media\"><div class=\"splide ama_light_gallery_block\" data-splide={\"type\":\"fade\",\"arrows\":false,\"pagination\":false}><div class=\"splide__track\"><ul class=\"splide__list\"><li class=\"splide__slide\"><a href=\"https:\/\/rohefurniture.com\/wp-content\/uploads\/2025\/09\/AirBrush_20250919145927-960x1280.jpg\"><img decoding=\"async\" width=\"1240\" height=\"1240\" src=\"https:\/\/rohefurniture.com\/wp-content\/uploads\/bis-images\/1237\/AirBrush_20250919145927-1240x1240-f50_50.jpg\" class=\"attachment-1240x1240\" alt=\"Une jeune femme plonge la main dans un coffre Air ouvert en pin clair non trait\u00e9, rempli de pommes rouges et vertes, pos\u00e9 sur une terrasse en bois avec des citrouilles et une plante \u00e0 proximit\u00e9.\" loading=\"lazy\" \/><\/a><\/li><\/ul><\/div><\/div><span class=\"is-media-badge\"><span>100 % pin massif<\/span><\/span><\/div><\/div><div class=\"block__stencil\"><span><\/span><\/div><\/div>\n\n\n<p class=\"wp-el\"><\/p>\n","protected":false},"excerpt":{"rendered":"","protected":false},"author":1,"featured_media":0,"parent":0,"menu_order":0,"comment_status":"closed","ping_status":"closed","template":"","meta":{"_acf_changed":false,"inline_featured_image":false,"footnotes":""},"class_list":["post-1073","page","type-page","status-publish","hentry"],"acf":[],"_links":{"self":[{"href":"https:\/\/rohefurniture.com\/fr\/wp-json\/wp\/v2\/pages\/1073","targetHints":{"allow":["GET"]}}],"collection":[{"href":"https:\/\/rohefurniture.com\/fr\/wp-json\/wp\/v2\/pages"}],"about":[{"href":"https:\/\/rohefurniture.com\/fr\/wp-json\/wp\/v2\/types\/page"}],"author":[{"embeddable":true,"href":"https:\/\/rohefurniture.com\/fr\/wp-json\/wp\/v2\/users\/1"}],"replies":[{"embeddable":true,"href":"https:\/\/rohefurniture.com\/fr\/wp-json\/wp\/v2\/comments?post=1073"}],"version-history":[{"count":5,"href":"https:\/\/rohefurniture.com\/fr\/wp-json\/wp\/v2\/pages\/1073\/revisions"}],"predecessor-version":[{"id":1968,"href":"https:\/\/rohefurniture.com\/fr\/wp-json\/wp\/v2\/pages\/1073\/revisions\/1968"}],"wp:attachment":[{"href":"https:\/\/rohefurniture.com\/fr\/wp-json\/wp\/v2\/media?parent=1073"}],"curies":[{"name":"wp","href":"https:\/\/api.w.org\/{rel}","templated":true}]}}