{"id":1162,"date":"2025-09-17T12:55:04","date_gmt":"2025-09-17T12:55:04","guid":{"rendered":"https:\/\/rohefurniture.com\/about-rohe\/"},"modified":"2026-04-24T10:35:48","modified_gmt":"2026-04-24T10:35:48","slug":"a-propos-de-rohe","status":"publish","type":"page","link":"https:\/\/rohefurniture.com\/fr\/a-propos-de-rohe\/","title":{"rendered":"\u00c0 propos de ROHE"},"content":{"rendered":"\n<div class=\"wp-block-columns is-layout-flex wp-container-core-columns-is-layout-28f84493 wp-block-columns-is-layout-flex\">\n<div class=\"wp-block-column is-layout-flow wp-block-column-is-layout-flow\" style=\"flex-basis:66.66%\">\n<p class=\"wp-el\"><strong>ROHE est une entreprise de mobilier<\/strong> en bois massif forte de plus de 30 ans d\u2019exp\u00e9rience dans la fabrication de meubles de haute qualit\u00e9.<\/p>\n\n\n\n<p class=\"wp-el\"><strong>Bas\u00e9s en Estonie<\/strong> \u2014 un pays reconnu pour ses vastes for\u00eats et son design minimaliste \u2014 nous perp\u00e9tuons un h\u00e9ritage familial en cr\u00e9ant des meubles inspir\u00e9s par la nature, con\u00e7us pour la simplicit\u00e9 et pens\u00e9s pour durer.<\/p>\n\n\n\n<p class=\"wp-el\"><strong>Nous associons le savoir-faire traditionnel<\/strong> du travail du bois aux technologies modernes afin de garantir une qualit\u00e9 constante, une production efficace et le plus haut niveau de pr\u00e9cision artisanale pour chaque pi\u00e8ce que nous fabriquons.<\/p>\n\n\n\n<p class=\"wp-el\"><strong>Nous sommes sp\u00e9cialis\u00e9s dans le mobilier en bois massif <\/strong>fabriqu\u00e9 \u00e0 partir de pin estonien certifi\u00e9 FSC\u00ae, un mat\u00e9riau appr\u00e9ci\u00e9 pour sa chaleur naturelle, son veinage distinctif et son origine durable.<\/p>\n\n\n\n<p class=\"wp-el\"><strong>Un design \u00e9pur\u00e9, un assemblage intuitif<\/strong> et une qualit\u00e9 durable d\u00e9finissent chaque meuble ROHE. Notre gamme comprend des syst\u00e8mes d\u2019\u00e9tag\u00e8res, des cadres de lit, des coffres de rangement compacts, des bancs et bien plus encore.<\/p>\n\n\n\n<p class=\"wp-el\"><strong>Nous sommes fiers de fournir notre mobilier en bois massif<\/strong> \u00e0 des partenaires sur les march\u00e9s internationaux.<\/p>\n\n\n\n<p class=\"wp-el\"><strong>Gr\u00e2ce \u00e0 un r\u00e9seau logistique fiable<\/strong> et \u00e0 des processus de production s\u00e9curis\u00e9s, nous accompagnons nos partenaires avec confiance et constance. Chez ROHE, nous ne suivons pas les tendances \u2014 nous fabriquons des meubles faits pour durer, vivre et inspirer.<\/p>\n\n\n\n<p class=\"wp-el\"><strong>Notre mobilier est durable<\/strong> par nature, ancr\u00e9 dans des choix r\u00e9fl\u00e9chis \u2014 depuis le pin issu de for\u00eats g\u00e9r\u00e9es de mani\u00e8re responsable jusqu\u2019\u00e0 un design \u00e9pur\u00e9 et une production sans gaspillage.<\/p>\n\n\n\n<p class=\"wp-el\"><strong>Nous vous invitons \u00e0 d\u00e9couvrir notre univers<\/strong> \u2014 l\u00e0 o\u00f9 30 ans de tradition estonienne du travail du bois rencontrent un design moderne qui trouve sa place partout dans le monde.<\/p>\n<\/div>\n\n\n\n<div class=\"wp-block-column is-layout-flow wp-block-column-is-layout-flow\" style=\"flex-basis:33.33%\">\n<figure class=\"wp-block-image size-large wp-el\"><img loading=\"lazy\" decoding=\"async\" width=\"960\" height=\"1280\" src=\"https:\/\/rohefurniture.com\/wp-content\/uploads\/2025\/11\/Detailipilt-riiulist-960x1280.jpg\" alt=\"\" class=\"wp-image-659\" srcset=\"https:\/\/rohefurniture.com\/wp-content\/uploads\/2025\/11\/Detailipilt-riiulist-960x1280.jpg 960w, https:\/\/rohefurniture.com\/wp-content\/uploads\/2025\/11\/Detailipilt-riiulist-768x1024.jpg 768w, https:\/\/rohefurniture.com\/wp-content\/uploads\/2025\/11\/Detailipilt-riiulist.jpg 1620w\" sizes=\"auto, (max-width: 960px) 100vw, 960px\" \/><\/figure>\n<\/div>\n<\/div>\n\n\n\n<p class=\"wp-el\"><\/p>\n","protected":false},"excerpt":{"rendered":"<p>ROHE est une entreprise de mobilier en bois massif forte de plus de 30 ans d\u2019exp\u00e9rience dans la fabrication de meubles de haute qualit\u00e9. Bas\u00e9s en Estonie \u2014 un pays&#8230;<\/p>\n","protected":false},"author":1,"featured_media":0,"parent":0,"menu_order":10,"comment_status":"closed","ping_status":"closed","template":"","meta":{"_acf_changed":false,"inline_featured_image":false,"footnotes":""},"class_list":["post-1162","page","type-page","status-publish","hentry"],"acf":[],"_links":{"self":[{"href":"https:\/\/rohefurniture.com\/fr\/wp-json\/wp\/v2\/pages\/1162","targetHints":{"allow":["GET"]}}],"collection":[{"href":"https:\/\/rohefurniture.com\/fr\/wp-json\/wp\/v2\/pages"}],"about":[{"href":"https:\/\/rohefurniture.com\/fr\/wp-json\/wp\/v2\/types\/page"}],"author":[{"embeddable":true,"href":"https:\/\/rohefurniture.com\/fr\/wp-json\/wp\/v2\/users\/1"}],"replies":[{"embeddable":true,"href":"https:\/\/rohefurniture.com\/fr\/wp-json\/wp\/v2\/comments?post=1162"}],"version-history":[{"count":2,"href":"https:\/\/rohefurniture.com\/fr\/wp-json\/wp\/v2\/pages\/1162\/revisions"}],"predecessor-version":[{"id":1927,"href":"https:\/\/rohefurniture.com\/fr\/wp-json\/wp\/v2\/pages\/1162\/revisions\/1927"}],"wp:attachment":[{"href":"https:\/\/rohefurniture.com\/fr\/wp-json\/wp\/v2\/media?parent=1162"}],"curies":[{"name":"wp","href":"https:\/\/api.w.org\/{rel}","templated":true}]}}