{"id":1169,"date":"2025-10-23T07:44:31","date_gmt":"2025-10-23T07:44:31","guid":{"rendered":"https:\/\/rohefurniture.com\/sustainability\/"},"modified":"2026-04-24T10:48:25","modified_gmt":"2026-04-24T10:48:25","slug":"durabilite","status":"publish","type":"page","link":"https:\/\/rohefurniture.com\/fr\/durabilite\/","title":{"rendered":"Durabilit\u00e9"},"content":{"rendered":"<div class=\"ama-block block-txtmedia\"><div class=\"block__body\"><div class=\"body__content\">\n\n<h1 class=\"wp-block-heading has-semi-giant-font-size wp-el\">Bois certifi\u00e9 FSC\u00ae. La durabilit\u00e9 au c\u0153ur de notre d\u00e9marche.<\/h1>\n\n\n\n<p class=\"wp-el\">La durabilit\u00e9 ne d\u00e9crit pas seulement notre d\u00e9marche \u2014 elle d\u00e9finit notre raison d\u2019\u00eatre.<\/p>\n\n\n\n<p class=\"wp-el\">ROHE s\u2019engage en faveur d\u2019une gestion foresti\u00e8re responsable et utilise exclusivement des mati\u00e8res premi\u00e8res certifi\u00e9es FSC\u00ae.<\/p>\n\n\n\n<p class=\"wp-el\">En choisissant notre mobilier, vous jouez un r\u00f4le essentiel dans le soutien \u00e0 la sylviculture durable et \u00e0 la protection de la biodiversit\u00e9.<\/p>\n\n<\/div><div class=\"body__media\"><div class=\"splide ama_light_gallery_block\" data-splide={\"type\":\"fade\",\"arrows\":false,\"pagination\":false}><div class=\"splide__track\"><ul class=\"splide__list\"><li class=\"splide__slide\"><a href=\"https:\/\/rohefurniture.com\/wp-content\/uploads\/2025\/11\/FSC-certified-pine-1280x1280.png\"><img decoding=\"async\" width=\"1240\" height=\"1240\" src=\"https:\/\/rohefurniture.com\/wp-content\/uploads\/bis-images\/1572\/FSC-certified-pine-1240x1240-f50_50.png\" class=\"attachment-1240x1240\" alt=\"FSC certified pine\" loading=\"lazy\" \/><\/a><\/li><\/ul><\/div><\/div><\/div><\/div><div class=\"block__stencil\"><span><\/span><\/div><\/div>\n\n<div class=\"ama-block block-txtmedia reverse-order\"><div class=\"block__body\"><div class=\"body__content\">\n\n<h1 class=\"wp-block-heading has-semi-giant-font-size wp-el\"><strong>Fa\u00e7onn\u00e9 \u00e0 partir de pin massif. Inspir\u00e9 par la nature.<\/strong><\/h1>\n\n\n\n<p class=\"wp-el\">Notre mobilier est fabriqu\u00e9 \u00e0 partir de pin estonien \u2014 appr\u00e9ci\u00e9 pour sa puret\u00e9, sa solidit\u00e9 et sa provenance durable.<\/p>\n\n\n\n<p class=\"wp-el\">Naturel, durable et exempt de mati\u00e8res synth\u00e9tiques et de produits chimiques \u2014 simplement du bois authentique issu de for\u00eats g\u00e9r\u00e9es de mani\u00e8re responsable.<\/p>\n\n<\/div><div class=\"body__media\"><div class=\"splide ama_light_gallery_block\" data-splide={\"type\":\"fade\",\"arrows\":false,\"pagination\":false}><div class=\"splide__track\"><ul class=\"splide__list\"><li class=\"splide__slide\"><a href=\"https:\/\/rohefurniture.com\/wp-content\/uploads\/2025\/11\/Bring-the-forest-home-1280x1280.png\"><img decoding=\"async\" width=\"1100\" height=\"1100\" src=\"https:\/\/rohefurniture.com\/wp-content\/uploads\/bis-images\/1170\/Bring-the-forest-home-1100x1100-f50_50.png\" class=\"attachment-1100x1100\" alt=\"Bring the forest home\" loading=\"lazy\" \/><\/a><\/li><\/ul><\/div><\/div><\/div><\/div><div class=\"block__stencil\"><span><\/span><\/div><\/div>\n\n<div class=\"ama-block block-txtmedia\"><div class=\"block__body\"><div class=\"body__content\">\n\n<h1 class=\"wp-block-heading has-semi-giant-font-size wp-el\">Invitez la for\u00eat chez vous<\/h1>\n\n\n\n<p class=\"wp-el\">Lorsque vous choisissez notre mobilier, vous n\u2019achetez pas simplement une \u00e9tag\u00e8re, un banc ou un cadre de lit \u2014 vous invitez chez vous un fragment de la for\u00eat estonienne : un mobilier \u00e0 la conscience claire et \u00e0 l\u2019histoire qui m\u00e9rite d\u2019\u00eatre racont\u00e9e.<\/p>\n\n\n\n<p class=\"wp-el\">Notre mobilier vous permet de vivre confortablement \u2014 proche de la nature et dans le respect de l\u2019environnement.<\/p>\n\n<\/div><div class=\"body__media\"><div class=\"splide ama_light_gallery_block\" data-splide={\"type\":\"fade\",\"arrows\":false,\"pagination\":false}><div class=\"splide__track\"><ul class=\"splide__list\"><li class=\"splide__slide\"><a href=\"https:\/\/rohefurniture.com\/wp-content\/uploads\/2025\/11\/Crafted-from-pine-1280x1280.png\"><img decoding=\"async\" width=\"1240\" height=\"1240\" src=\"https:\/\/rohefurniture.com\/wp-content\/uploads\/bis-images\/1571\/Crafted-from-pine-1240x1240-f50_50.png\" class=\"attachment-1240x1240\" alt=\"Crafted from pine\" loading=\"lazy\" \/><\/a><\/li><\/ul><\/div><\/div><\/div><\/div><div class=\"block__stencil\"><span><\/span><\/div><\/div>\n\n<div class=\"ama-block block-txtmedia reverse-order\"><div class=\"block__body\"><div class=\"body__content\">\n\n<h1 class=\"wp-block-heading has-semi-giant-font-size wp-el\">Un savoir-faire sans gaspillage<\/h1>\n\n\n\n<ul class=\"wp-block-list wp-el\">\n<li>Lorsque nous parlons de z\u00e9ro gaspillage, nous le pensons r\u00e9ellement.<\/li>\n\n\n\n<li>La durabilit\u00e9 n\u2019est pas seulement une conviction \u2014 c\u2019est notre mani\u00e8re de cr\u00e9er.<\/li>\n\n\n\n<li>Chaque partie du bois trouve son utilit\u00e9.<\/li>\n\n\n\n<li>Les pi\u00e8ces de qualit\u00e9 sup\u00e9rieure deviennent du mobilier intemporel, con\u00e7u pour durer des g\u00e9n\u00e9rations.<\/li>\n\n\n\n<li>Les chutes de bois et la sciure sont revaloris\u00e9es, afin que chaque ressource soit pleinement respect\u00e9e.<\/li>\n<\/ul>\n\n<\/div><div class=\"body__media\"><div class=\"splide ama_light_gallery_block\" data-splide={\"type\":\"fade\",\"arrows\":false,\"pagination\":false}><div class=\"splide__track\"><ul class=\"splide__list\"><li class=\"splide__slide\"><a href=\"https:\/\/rohefurniture.com\/wp-content\/uploads\/2025\/11\/Your-paragraph-text-1280x1280.png\"><img decoding=\"async\" width=\"1100\" height=\"1100\" src=\"https:\/\/rohefurniture.com\/wp-content\/uploads\/bis-images\/1574\/Your-paragraph-text-1100x1100-f50_50.png\" class=\"attachment-1100x1100\" alt=\"Your paragraph text\" loading=\"lazy\" \/><\/a><\/li><\/ul><\/div><\/div><\/div><\/div><div class=\"block__stencil\"><span><\/span><\/div><\/div>\n\n\n<p class=\"wp-el\"><\/p>\n","protected":false},"excerpt":{"rendered":"","protected":false},"author":1,"featured_media":0,"parent":0,"menu_order":20,"comment_status":"closed","ping_status":"closed","template":"","meta":{"_acf_changed":false,"inline_featured_image":false,"footnotes":""},"class_list":["post-1169","page","type-page","status-publish","hentry"],"acf":[],"_links":{"self":[{"href":"https:\/\/rohefurniture.com\/fr\/wp-json\/wp\/v2\/pages\/1169","targetHints":{"allow":["GET"]}}],"collection":[{"href":"https:\/\/rohefurniture.com\/fr\/wp-json\/wp\/v2\/pages"}],"about":[{"href":"https:\/\/rohefurniture.com\/fr\/wp-json\/wp\/v2\/types\/page"}],"author":[{"embeddable":true,"href":"https:\/\/rohefurniture.com\/fr\/wp-json\/wp\/v2\/users\/1"}],"replies":[{"embeddable":true,"href":"https:\/\/rohefurniture.com\/fr\/wp-json\/wp\/v2\/comments?post=1169"}],"version-history":[{"count":3,"href":"https:\/\/rohefurniture.com\/fr\/wp-json\/wp\/v2\/pages\/1169\/revisions"}],"predecessor-version":[{"id":2107,"href":"https:\/\/rohefurniture.com\/fr\/wp-json\/wp\/v2\/pages\/1169\/revisions\/2107"}],"wp:attachment":[{"href":"https:\/\/rohefurniture.com\/fr\/wp-json\/wp\/v2\/media?parent=1169"}],"curies":[{"name":"wp","href":"https:\/\/api.w.org\/{rel}","templated":true}]}}