{"id":1712,"date":"2025-10-28T07:50:28","date_gmt":"2025-10-28T07:50:28","guid":{"rendered":"https:\/\/rohefurniture.com\/become-a-reseller\/"},"modified":"2026-04-24T10:56:40","modified_gmt":"2026-04-24T10:56:40","slug":"devenir-revendeur","status":"publish","type":"page","link":"https:\/\/rohefurniture.com\/fr\/devenir-revendeur\/","title":{"rendered":"Devenir revendeur"},"content":{"rendered":"\n<div class=\"wp-block-columns is-layout-flex wp-container-core-columns-is-layout-28f84493 wp-block-columns-is-layout-flex\">\n<div class=\"wp-block-column is-layout-flow wp-block-column-is-layout-flow\">\n<figure class=\"wp-block-image size-large wp-el\"><img loading=\"lazy\" decoding=\"async\" width=\"1280\" height=\"720\" src=\"https:\/\/rohefurniture.com\/wp-content\/uploads\/2025\/09\/1.-Air-kirst-eest-02-1280x720.png\" alt=\"\" class=\"wp-image-193\" srcset=\"https:\/\/rohefurniture.com\/wp-content\/uploads\/2025\/09\/1.-Air-kirst-eest-02-1280x720.png 1280w, https:\/\/rohefurniture.com\/wp-content\/uploads\/2025\/09\/1.-Air-kirst-eest-02-768x432.png 768w\" sizes=\"auto, (max-width: 1280px) 100vw, 1280px\" \/><\/figure>\n\n\n\n<h3 class=\"wp-block-heading wp-el\">Grandissons ensemble \u2014 devenez partenaire de ROHE<\/h3>\n\n\n\n<p class=\"wp-el\">Vous recherchez un fournisseur de confiance pour du mobilier en bois massif ?<\/p>\n\n\n\n<p class=\"wp-el\">ROHE accompagne les grossistes et les d\u00e9taillants sur les march\u00e9s internationaux avec des solutions d&rsquo;ameublement durables et performantes.<\/p>\n\n\n\n<p class=\"wp-el\">Nous fabriquons du mobilier en bois massif certifi\u00e9 FSC\u00ae, de style scandinave, avec des d\u00e9lais de livraison fiables et une qualit\u00e9 europ\u00e9enne constante.<\/p>\n<\/div>\n\n\n\n<div class=\"wp-block-column is-layout-flow wp-block-column-is-layout-flow\">\n<h3 class=\"wp-block-heading wp-el\">Rejoignez la famille de revendeurs ROHE<\/h3>\n\n\n\n<div class=\"wp-block-contact-form-7-contact-form-selector\">\n<div class=\"wpcf7 no-js\" id=\"wpcf7-f1954-o1\" lang=\"fr-FR\" dir=\"ltr\" data-wpcf7-id=\"1954\">\n<div class=\"screen-reader-response\"><p role=\"status\" aria-live=\"polite\" aria-atomic=\"true\"><\/p> <ul><\/ul><\/div>\n<form action=\"\/fr\/wp-json\/wp\/v2\/pages\/1712#wpcf7-f1954-o1\" method=\"post\" class=\"wpcf7-form init\" aria-label=\"Formulaire de contact\" novalidate=\"novalidate\" data-status=\"init\">\n<fieldset class=\"hidden-fields-container\"><input type=\"hidden\" name=\"_wpcf7\" value=\"1954\" \/><input type=\"hidden\" name=\"_wpcf7_version\" value=\"6.1.4\" \/><input type=\"hidden\" name=\"_wpcf7_locale\" value=\"fr_FR\" \/><input type=\"hidden\" name=\"_wpcf7_unit_tag\" value=\"wpcf7-f1954-o1\" \/><input type=\"hidden\" name=\"_wpcf7_container_post\" value=\"0\" \/><input type=\"hidden\" name=\"_wpcf7_posted_data_hash\" value=\"\" \/>\n<\/fieldset>\n<span class=\"wpcf7-form-control-wrap\" data-name=\"cus-company\"><input size=\"40\" maxlength=\"400\" class=\"wpcf7-form-control wpcf7-text wpcf7-validates-as-required\" autocomplete=\"name\" aria-required=\"true\" aria-invalid=\"false\" placeholder=\"Nom de l\u2019entreprise\" value=\"\" type=\"text\" name=\"cus-company\" \/><\/span>\n<span class=\"wpcf7-form-control-wrap\" data-name=\"cus-email\"><input size=\"40\" maxlength=\"400\" class=\"wpcf7-form-control wpcf7-email wpcf7-validates-as-required wpcf7-text wpcf7-validates-as-email\" autocomplete=\"email\" aria-required=\"true\" aria-invalid=\"false\" placeholder=\"E-mail\" value=\"\" type=\"email\" name=\"cus-email\" \/><\/span>\n<span class=\"wpcf7-form-control-wrap\" data-name=\"cus-phone\"><input size=\"40\" maxlength=\"400\" class=\"wpcf7-form-control wpcf7-text wpcf7-validates-as-required\" autocomplete=\"email\" aria-required=\"true\" aria-invalid=\"false\" placeholder=\"T\u00e9l\u00e9phone\" value=\"\" type=\"text\" name=\"cus-phone\" \/><\/span>\n<span class=\"wpcf7-form-control-wrap\" data-name=\"cus-name\"><input size=\"40\" maxlength=\"400\" class=\"wpcf7-form-control wpcf7-text wpcf7-validates-as-required\" autocomplete=\"name\" aria-required=\"true\" aria-invalid=\"false\" placeholder=\"Personne de contact\" value=\"\" type=\"text\" name=\"cus-name\" \/><\/span>\n<span class=\"wpcf7-form-control-wrap\" data-name=\"cus-message\"><textarea cols=\"40\" rows=\"10\" maxlength=\"2000\" class=\"wpcf7-form-control wpcf7-textarea\" aria-invalid=\"false\" placeholder=\"Informations sur l\u2019entreprise\" name=\"cus-message\"><\/textarea><\/span>\n<input class=\"wpcf7-form-control wpcf7-submit has-spinner\" type=\"submit\" value=\"Envoyer une demande\" \/><div class=\"wpcf7-response-output\" aria-hidden=\"true\"><\/div>\n<\/form>\n<\/div>\n<\/div>\n<\/div>\n<\/div>\n\n\n\n<p class=\"wp-el\"><\/p>\n","protected":false},"excerpt":{"rendered":"<p>Grandissons ensemble \u2014 devenez partenaire de ROHE Vous recherchez un fournisseur de confiance pour du mobilier en bois massif ? ROHE accompagne les grossistes et les d\u00e9taillants sur les march\u00e9s&#8230;<\/p>\n","protected":false},"author":1,"featured_media":0,"parent":0,"menu_order":30,"comment_status":"closed","ping_status":"closed","template":"","meta":{"_acf_changed":false,"inline_featured_image":false,"footnotes":""},"class_list":["post-1712","page","type-page","status-publish","hentry"],"acf":[],"_links":{"self":[{"href":"https:\/\/rohefurniture.com\/fr\/wp-json\/wp\/v2\/pages\/1712","targetHints":{"allow":["GET"]}}],"collection":[{"href":"https:\/\/rohefurniture.com\/fr\/wp-json\/wp\/v2\/pages"}],"about":[{"href":"https:\/\/rohefurniture.com\/fr\/wp-json\/wp\/v2\/types\/page"}],"author":[{"embeddable":true,"href":"https:\/\/rohefurniture.com\/fr\/wp-json\/wp\/v2\/users\/1"}],"replies":[{"embeddable":true,"href":"https:\/\/rohefurniture.com\/fr\/wp-json\/wp\/v2\/comments?post=1712"}],"version-history":[{"count":2,"href":"https:\/\/rohefurniture.com\/fr\/wp-json\/wp\/v2\/pages\/1712\/revisions"}],"predecessor-version":[{"id":1933,"href":"https:\/\/rohefurniture.com\/fr\/wp-json\/wp\/v2\/pages\/1712\/revisions\/1933"}],"wp:attachment":[{"href":"https:\/\/rohefurniture.com\/fr\/wp-json\/wp\/v2\/media?parent=1712"}],"curies":[{"name":"wp","href":"https:\/\/api.w.org\/{rel}","templated":true}]}}